{"id":29,"date":"2023-10-13T10:11:40","date_gmt":"2023-10-13T08:11:40","guid":{"rendered":"https:\/\/www.mdvnetinformatica.com\/wp\/es\/?page_id=29"},"modified":"2024-03-26T16:31:51","modified_gmt":"2024-03-26T15:31:51","slug":"tienda-informatica-mollet-reparacion-ordenador","status":"publish","type":"page","link":"https:\/\/www.mdvnetinformatica.com\/wp\/es\/","title":{"rendered":"Inform\u00e1tica Mollet"},"content":{"rendered":"\n<p>Una tienda de inform\u00e1tica a su medida<\/p>\n\n\n\n<p>Nos encontrar\u00e1 en Palaud\u00e0ries, 5, en el centro de Mollet. Una tienda d\u00f3nde podr\u00e1 obtener todo el material inform\u00e1tico y la informaci\u00f3n que necesita con precios competitivos y un excelente servicio.<\/p>\n\n\n\n<p>Un taller inform\u00e1tico a su servicio<\/p>\n\n\n\n<p>Tambi\u00e9n realizamos reparaciones de ordenadores de sobremesa, port\u00e1tiles y todo tipo de material inform\u00e1tico. Siempre en el menor tiempo posible y con los mejores precios.. Solucionamos todo tipo de problemas de software: virus, troyanos, limpieza, reinstalaciones, backups, recuperaci\u00f3n de datos&#8230; Y tambi\u00e9n de hardware: substituci\u00f3n de componentes, ampliaciones,&#8230;<\/p>\n\n\n\n<p>Asistencia a domicilio<\/p>\n\n\n\n<p>Nos desplazamos a su domicilio o empresa y solucionamos cualquier problema inform\u00e1tico en tiempo r\u00e9cord. P\u00f3nganos a prueba, llame al 93 579 21 22 y encuentre la soluci\u00f3n.<\/p>\n\n\n\n<p>Asistencia remota<\/p>\n\n\n\n<p>Nos conectamos remotamente a su dispositivo resolviendo con rapidez una gran cantidad de problemas, o le ayudamos con sus tareas inform\u00e1ticas.<\/p>\n\n\n\n<p>Mantenimiento inform\u00e1tico para empresas<\/p>\n\n\n\n<p>Tenga un completo departamento de inform\u00e1tica al servicio de su empresa. Asesor\u00eda, prevenci\u00f3n, atenci\u00f3n inmediata y prioritaria. Todo con un coste mensual fijo y ajustado a su presupuesto y necesidades.<\/p>\n\n\n\n<p>Programaci\u00f3n a medida<\/p>\n\n\n\n<p>Desarrollamos programas hechos a medida para suplir sus necesidades de gesti\u00f3n (facturaci\u00f3n, albaranes, stock, control de calidad, producci\u00f3n, gesti\u00f3n comercial). Todo realizado con est\u00e1ndars y con pleno acceso a los datos y al c\u00f3digo fuente.<\/p>\n\n\n\n<p>Internet en sus manos<\/p>\n\n\n\n<p>Ofrecemos soluciones completas de presencia web. Dise\u00f1o, alojamiento, e-commerce, SEO&#8230;<\/p>\n\n\n\n<figure class=\"wp-block-image size-full\"><img loading=\"lazy\" decoding=\"async\" width=\"1024\" height=\"683\" src=\"https:\/\/www.mdvnetinformatica.com\/wp\/es\/wp-content\/uploads\/2023\/10\/InformaticaMollet.jpg\" alt=\"\" class=\"wp-image-30\" srcset=\"https:\/\/www.mdvnetinformatica.com\/wp\/es\/wp-content\/uploads\/2023\/10\/InformaticaMollet.jpg 1024w, https:\/\/www.mdvnetinformatica.com\/wp\/es\/wp-content\/uploads\/2023\/10\/InformaticaMollet-300x200.jpg 300w, https:\/\/www.mdvnetinformatica.com\/wp\/es\/wp-content\/uploads\/2023\/10\/InformaticaMollet-768x512.jpg 768w\" sizes=\"auto, (max-width: 1024px) 100vw, 1024px\" \/><\/figure>\n\n\n\n<p>Inform\u00e1tica en Mollet<\/p>\n\n\n<div class=\"ti-widget ti-goog\" data-layout-id=\"36\" data-set-id=\"light-background\" data-pid=\"\" data-pager-autoplay-timeout=\"6\" data-review-target-width=\"300\" data-language=\"es\" > <div class=\"ti-widget-container ti-col-3\"> <div class=\"ti-reviews-container\"> <div class=\"ti-controls\"> <div class=\"ti-next\"><\/div> <div class=\"ti-prev\"><\/div> <\/div> <div class=\"ti-reviews-container-wrapper\">  <div data-empty=\"0\" class=\"ti-review-item source-Google\" > <div class=\"ti-inner\"> <div class=\"ti-review-header\"> <div class=\"ti-profile-img\"> <img decoding=\"async\" src=\"https:\/\/lh3.googleusercontent.com\/a\/ACg8ocIslDrDNdnfqqcSC47CieoOxfDUTJpea-DLksZ334bG=s120-c-rp-mo-br100\" alt=\"Emilio Lizaur\" \/> <\/div> <div class=\"ti-profile-details\"> <div class=\"ti-name\"> Emilio Lizaur <\/div> <div class=\"ti-date\">2023-12-28<\/div> <\/div> <\/div> <span class=\"ti-stars\"><span class=\"ti-star f\"><\/span><span class=\"ti-star f\"><\/span><span class=\"ti-star f\"><\/span><span class=\"ti-star f\"><\/span><span class=\"ti-star f\"><\/span><\/span> <div class=\"ti-review-text-container ti-review-content\"><!-- R-CONTENT -->Es una empresa muy cualificada, pregunta por sancho, tiene mucha experiencia y sabe de todo, desee Novell, MS-DOS para los antiguos hasta Conta plus.\n\nCuando dice, espera, voy a buscar, siempre encuentra la soluci\u00f3n<!-- R-CONTENT --><\/div> <span class=\"ti-read-more\" data-container=\".ti-review-content\" data-collapse-text=\"Ocultar\" data-open-text=\"Leer m\u00e1s\" ><\/span> <\/div> <\/div>  <div data-empty=\"0\" class=\"ti-review-item source-Google\" > <div class=\"ti-inner\"> <div class=\"ti-review-header\"> <div class=\"ti-profile-img\"> <img decoding=\"async\" src=\"https:\/\/lh3.googleusercontent.com\/a-\/ALV-UjV-PfOzjoeq0LnLTvvIMGZTYH3oNH93oDBgZsKctnuDdpc=s120-c-rp-mo-br100\" alt=\"Jose\" \/> <\/div> <div class=\"ti-profile-details\"> <div class=\"ti-name\"> Jose <\/div> <div class=\"ti-date\">2023-12-20<\/div> <\/div> <\/div> <span class=\"ti-stars\"><span class=\"ti-star f\"><\/span><span class=\"ti-star f\"><\/span><span class=\"ti-star f\"><\/span><span class=\"ti-star f\"><\/span><span class=\"ti-star f\"><\/span><\/span> <div class=\"ti-review-text-container ti-review-content\"><!-- R-CONTENT -->He llamado muy justo de tiempo y con urgencia porque lo necesitaba tener arreglado para ma\u00f1ana y ten\u00eda el port\u00e1til inoperativo y a partir de ahora ser\u00e1 mi sitio de confianza sin lugar a dudas, mejor imposible en todos los aspectos, trato, rapidez y s\u00faper profesional. En 2 horas ten\u00eda el ordenador listo. Lo recomiendo 100%.\nMuchas gracias!!<!-- R-CONTENT --><\/div> <span class=\"ti-read-more\" data-container=\".ti-review-content\" data-collapse-text=\"Ocultar\" data-open-text=\"Leer m\u00e1s\" ><\/span> <\/div> <\/div>  <div data-empty=\"0\" class=\"ti-review-item source-Google\" > <div class=\"ti-inner\"> <div class=\"ti-review-header\"> <div class=\"ti-profile-img\"> <img decoding=\"async\" src=\"https:\/\/lh3.googleusercontent.com\/a-\/ALV-UjXU0y_5vSNM6f1K69PfScFgC--JjAro8F2ny54MOoJ89EE=s120-c-rp-mo-br100\" alt=\"Yo Mismo\" \/> <\/div> <div class=\"ti-profile-details\"> <div class=\"ti-name\"> Yo Mismo <\/div> <div class=\"ti-date\">2023-11-13<\/div> <\/div> <\/div> <span class=\"ti-stars\"><span class=\"ti-star f\"><\/span><span class=\"ti-star f\"><\/span><span class=\"ti-star f\"><\/span><span class=\"ti-star f\"><\/span><span class=\"ti-star f\"><\/span><\/span> <div class=\"ti-review-text-container ti-review-content\"><!-- R-CONTENT -->Un servicio de 10: r\u00e1pidos, eficaces y serviciales. S\u00faper recomendables. Y todo a un precio muy correcto. Yo estoy muy contento.<!-- R-CONTENT --><\/div> <span class=\"ti-read-more\" data-container=\".ti-review-content\" data-collapse-text=\"Ocultar\" data-open-text=\"Leer m\u00e1s\" ><\/span> <\/div> <\/div>  <div data-empty=\"0\" class=\"ti-review-item source-Google\" > <div class=\"ti-inner\"> <div class=\"ti-review-header\"> <div class=\"ti-profile-img\"> <img decoding=\"async\" src=\"https:\/\/lh3.googleusercontent.com\/a-\/ALV-UjX12hj8BxkiqzMXgcOB1Cj48rkP9rBXYKZg3MwAvzOGY2cl=s120-c-rp-mo-br100\" alt=\"Rafa Furniet\" \/> <\/div> <div class=\"ti-profile-details\"> <div class=\"ti-name\"> Rafa Furniet <\/div> <div class=\"ti-date\">2023-09-29<\/div> <\/div> <\/div> <span class=\"ti-stars\"><span class=\"ti-star f\"><\/span><span class=\"ti-star f\"><\/span><span class=\"ti-star f\"><\/span><span class=\"ti-star f\"><\/span><span class=\"ti-star f\"><\/span><\/span> <div class=\"ti-review-text-container ti-review-content\"><!-- R-CONTENT -->Soy cliente de esta tienda de inform\u00e1tica desde hace tiempo y no puedo estar m\u00e1s satisfecho. Cada vez que he tenido un problema con mis dispositivos, han respondido de manera excepcionalmente r\u00e1pida y han resuelto mis inquietudes de manera eficiente. La atenci\u00f3n al cliente es verdaderamente exquisita, siempre dispuestos a ayudar y responder a mis preguntas. Adem\u00e1s, lo que realmente me ha impresionado es que las facturas siempre han sido muy razonables, lo que demuestra su honestidad y compromiso con sus clientes. \u00a1Recomiendo encarecidamente esta tienda de inform\u00e1tica a todos los que buscan un servicio de calidad!<!-- R-CONTENT --><\/div> <span class=\"ti-read-more\" data-container=\".ti-review-content\" data-collapse-text=\"Ocultar\" data-open-text=\"Leer m\u00e1s\" ><\/span> <\/div> <\/div>  <div data-empty=\"0\" class=\"ti-review-item source-Google\" > <div class=\"ti-inner\"> <div class=\"ti-review-header\"> <div class=\"ti-profile-img\"> <img decoding=\"async\" src=\"https:\/\/lh3.googleusercontent.com\/a-\/ALV-UjUM4HRJRFU2HJldCTqNagMstnNtrxA6031_gMBY_W3SESQ=s120-c-rp-mo-ba4-br100\" alt=\"Gerard Gim\u00e9nez Forner\" \/> <\/div> <div class=\"ti-profile-details\"> <div class=\"ti-name\"> Gerard Gim\u00e9nez Forner <\/div> <div class=\"ti-date\">2023-08-31<\/div> <\/div> <\/div> <span class=\"ti-stars\"><span class=\"ti-star f\"><\/span><span class=\"ti-star f\"><\/span><span class=\"ti-star f\"><\/span><span class=\"ti-star f\"><\/span><span class=\"ti-star f\"><\/span><\/span> <div class=\"ti-review-text-container ti-review-content\"><!-- R-CONTENT -->Els he comprat un port\u00e0til reacondicionat i n'estic molt content. Qualitat\/preu perfectes i molt ben assessorat per la M\u00f2nica i el Sancho. Un 10.<!-- R-CONTENT --><\/div> <span class=\"ti-read-more\" data-container=\".ti-review-content\" data-collapse-text=\"Ocultar\" data-open-text=\"Leer m\u00e1s\" ><\/span> <\/div> <\/div>  <div data-empty=\"0\" class=\"ti-review-item source-Google\" > <div class=\"ti-inner\"> <div class=\"ti-review-header\"> <div class=\"ti-profile-img\"> <img decoding=\"async\" src=\"https:\/\/lh3.googleusercontent.com\/a\/ACg8ocIOn1oqul-_RJRhdVrox_M3X5zhZiD5NBMckVhLX2Hx=s120-c-rp-mo-br100\" alt=\"Agustin Gonzalez\" \/> <\/div> <div class=\"ti-profile-details\"> <div class=\"ti-name\"> Agustin Gonzalez <\/div> <div class=\"ti-date\">2023-08-28<\/div> <\/div> <\/div> <span class=\"ti-stars\"><span class=\"ti-star f\"><\/span><span class=\"ti-star f\"><\/span><span class=\"ti-star f\"><\/span><span class=\"ti-star f\"><\/span><span class=\"ti-star f\"><\/span><\/span> <div class=\"ti-review-text-container ti-review-content\"><!-- R-CONTENT -->Personal con a\u00f1os de experiencia en el sector, muy buena atenci\u00f3n y servicio personalizado<!-- R-CONTENT --><\/div> <span class=\"ti-read-more\" data-container=\".ti-review-content\" data-collapse-text=\"Ocultar\" data-open-text=\"Leer m\u00e1s\" ><\/span> <\/div> <\/div>  <div data-empty=\"0\" class=\"ti-review-item source-Google\" > <div class=\"ti-inner\"> <div class=\"ti-review-header\"> <div class=\"ti-profile-img\"> <img decoding=\"async\" src=\"https:\/\/lh3.googleusercontent.com\/a\/ACg8ocKVM4yMmCBis_hkFOqJwIRTl432DFj2f_p0Sdx4LabN=s120-c-rp-mo-ba3-br100\" alt=\"Anna Campi\u00f1ez\" \/> <\/div> <div class=\"ti-profile-details\"> <div class=\"ti-name\"> Anna Campi\u00f1ez <\/div> <div class=\"ti-date\">2023-08-27<\/div> <\/div> <\/div> <span class=\"ti-stars\"><span class=\"ti-star f\"><\/span><span class=\"ti-star f\"><\/span><span class=\"ti-star f\"><\/span><span class=\"ti-star f\"><\/span><span class=\"ti-star f\"><\/span><\/span> <div class=\"ti-review-text-container ti-review-content\"><!-- R-CONTENT -->S\u00faper profesionales y con mucha experiencia. Muy recomendable.<!-- R-CONTENT --><\/div> <span class=\"ti-read-more\" data-container=\".ti-review-content\" data-collapse-text=\"Ocultar\" data-open-text=\"Leer m\u00e1s\" ><\/span> <\/div> <\/div>  <div data-empty=\"0\" class=\"ti-review-item source-Google\" > <div class=\"ti-inner\"> <div class=\"ti-review-header\"> <div class=\"ti-profile-img\"> <img decoding=\"async\" src=\"https:\/\/lh3.googleusercontent.com\/a-\/ALV-UjV40cX88_MqYaUFGR4oKuDsZsOzTpG1ZmWSdJVh2vn2VOM=s120-c-rp-mo-ba4-br100\" alt=\"Sergi Oliva\" \/> <\/div> <div class=\"ti-profile-details\"> <div class=\"ti-name\"> Sergi Oliva <\/div> <div class=\"ti-date\">2022-12-04<\/div> <\/div> <\/div> <span class=\"ti-stars\"><span class=\"ti-star f\"><\/span><span class=\"ti-star f\"><\/span><span class=\"ti-star f\"><\/span><span class=\"ti-star f\"><\/span><span class=\"ti-star f\"><\/span><\/span> <div class=\"ti-review-text-container ti-review-content\"><!-- R-CONTENT -->Muy buena experiencia con ellos, muchos a\u00f1os con ellos desde reparaci\u00f3n hasta montar un ordenador a piezas con ellos.<!-- R-CONTENT --><\/div> <span class=\"ti-read-more\" data-container=\".ti-review-content\" data-collapse-text=\"Ocultar\" data-open-text=\"Leer m\u00e1s\" ><\/span> <\/div> <\/div>  <div data-empty=\"0\" class=\"ti-review-item source-Google\" > <div class=\"ti-inner\"> <div class=\"ti-review-header\"> <div class=\"ti-profile-img\"> <img decoding=\"async\" src=\"https:\/\/lh3.googleusercontent.com\/a\/ACg8ocJynR900d88z4Qd3TLxlyranHRyh-f6cwGaTDxl5XTs=s120-c-rp-mo-br100\" alt=\"mari trini\" \/> <\/div> <div class=\"ti-profile-details\"> <div class=\"ti-name\"> mari trini <\/div> <div class=\"ti-date\">2022-12-04<\/div> <\/div> <\/div> <span class=\"ti-stars\"><span class=\"ti-star f\"><\/span><span class=\"ti-star f\"><\/span><span class=\"ti-star f\"><\/span><span class=\"ti-star f\"><\/span><span class=\"ti-star f\"><\/span><\/span> <div class=\"ti-review-text-container ti-review-content\"><!-- R-CONTENT -->Buen servicio y mejor profesinal..... siempre te aconseja el mejor producto.<!-- R-CONTENT --><\/div> <span class=\"ti-read-more\" data-container=\".ti-review-content\" data-collapse-text=\"Ocultar\" data-open-text=\"Leer m\u00e1s\" ><\/span> <\/div> <\/div>  <div data-empty=\"0\" class=\"ti-review-item source-Google\" > <div class=\"ti-inner\"> <div class=\"ti-review-header\"> <div class=\"ti-profile-img\"> <img decoding=\"async\" src=\"https:\/\/lh3.googleusercontent.com\/a\/ACg8ocKe-4UEBYARQngda6ojNkZIOTBNhvP4AvKT3DKc50F_=s120-c-rp-mo-br100\" alt=\"Jos\u00e9 Mar\u00eda Mateo Sol\u00e9\" \/> <\/div> <div class=\"ti-profile-details\"> <div class=\"ti-name\"> Jos\u00e9 Mar\u00eda Mateo Sol\u00e9 <\/div> <div class=\"ti-date\">2022-07-28<\/div> <\/div> <\/div> <span class=\"ti-stars\"><span class=\"ti-star f\"><\/span><span class=\"ti-star f\"><\/span><span class=\"ti-star f\"><\/span><span class=\"ti-star f\"><\/span><span class=\"ti-star f\"><\/span><\/span> <div class=\"ti-review-text-container ti-review-content\"><!-- R-CONTENT -->Me ha parecido muy bien. He tenido que reparar a lo largo del tiempo varios ordenadores y he buscado diferentes sitios para ello. Todos un fracaso. En mdvnet creo haber encontrado el sitio id\u00f3neo. Buena atenci\u00f3n  y todo tipo de explicaciones por parte de M\u00f3nica.<!-- R-CONTENT --><\/div> <span class=\"ti-read-more\" data-container=\".ti-review-content\" data-collapse-text=\"Ocultar\" data-open-text=\"Leer m\u00e1s\" ><\/span> <\/div> <\/div>  <\/div> <div class=\"ti-controls-line\"> <div class=\"dot\"><\/div> <\/div> <\/div>   <\/div> <\/div> \n","protected":false},"excerpt":{"rendered":"<p>Una tienda de inform\u00e1tica a su medida Nos encontrar\u00e1 en Palaud\u00e0ries, 5, en el centro de Mollet. Una tienda d\u00f3nde podr\u00e1 obtener todo el material inform\u00e1tico y la informaci\u00f3n que necesita con precios competitivos y un excelente servicio. Un taller &hellip; <a href=\"https:\/\/www.mdvnetinformatica.com\/wp\/es\/\">Continuar<\/a><\/p>\n","protected":false},"author":1,"featured_media":0,"parent":0,"menu_order":0,"comment_status":"closed","ping_status":"closed","template":"","meta":{"kt_blocks_editor_width":"","footnotes":""},"class_list":["post-29","page","type-page","status-publish","hentry"],"yoast_head":"<!-- This site is optimized with the Yoast SEO plugin v21.4 - https:\/\/yoast.com\/wordpress\/plugins\/seo\/ -->\n<title>Inform\u00e1tica Mollet - MDVNET INFORM\u00c1TICA<\/title>\n<meta name=\"description\" content=\"MDVNET INFORM\u00c1TICA Tienda Inform\u00e1tica en Mollet(BCN). Reparaci\u00f3n ordenador de sobremesa y port\u00e1til. Mantenimiento y servicios a empresas 935792122\" \/>\n<meta name=\"robots\" content=\"index, follow, max-snippet:-1, max-image-preview:large, max-video-preview:-1\" \/>\n<link rel=\"canonical\" href=\"https:\/\/www.mdvnetinformatica.com\/wp\/es\/\" \/>\n<meta property=\"og:locale\" content=\"es_ES\" \/>\n<meta property=\"og:type\" content=\"article\" \/>\n<meta property=\"og:title\" content=\"Inform\u00e1tica Mollet - MDVNET INFORM\u00c1TICA\" \/>\n<meta property=\"og:description\" content=\"MDVNET INFORM\u00c1TICA Tienda Inform\u00e1tica en Mollet(BCN). Reparaci\u00f3n ordenador de sobremesa y port\u00e1til. Mantenimiento y servicios a empresas 935792122\" \/>\n<meta property=\"og:url\" content=\"https:\/\/www.mdvnetinformatica.com\/wp\/es\/\" \/>\n<meta property=\"og:site_name\" content=\"MDVNET INFORM\u00c1TICA\" \/>\n<meta property=\"article:modified_time\" content=\"2024-03-26T15:31:51+00:00\" \/>\n<meta property=\"og:image\" content=\"https:\/\/www.mdvnetinformatica.com\/wp\/es\/wp-content\/uploads\/2023\/10\/InformaticaMollet.jpg\" \/>\n<meta name=\"twitter:card\" content=\"summary_large_image\" \/>\n<meta name=\"twitter:label1\" content=\"Tiempo de lectura\" \/>\n\t<meta name=\"twitter:data1\" content=\"2 minutos\" \/>\n<script type=\"application\/ld+json\" class=\"yoast-schema-graph\">{\"@context\":\"https:\/\/schema.org\",\"@graph\":[{\"@type\":\"WebPage\",\"@id\":\"https:\/\/www.mdvnetinformatica.com\/wp\/es\/\",\"url\":\"https:\/\/www.mdvnetinformatica.com\/wp\/es\/\",\"name\":\"Inform\u00e1tica Mollet - MDVNET INFORM\u00c1TICA\",\"isPartOf\":{\"@id\":\"https:\/\/www.mdvnetinformatica.com\/wp\/es\/#website\"},\"datePublished\":\"2023-10-13T08:11:40+00:00\",\"dateModified\":\"2024-03-26T15:31:51+00:00\",\"description\":\"MDVNET INFORM\u00c1TICA Tienda Inform\u00e1tica en Mollet(BCN). Reparaci\u00f3n ordenador de sobremesa y port\u00e1til. Mantenimiento y servicios a empresas 935792122\",\"breadcrumb\":{\"@id\":\"https:\/\/www.mdvnetinformatica.com\/wp\/es\/#breadcrumb\"},\"inLanguage\":\"es\",\"potentialAction\":[{\"@type\":\"ReadAction\",\"target\":[\"https:\/\/www.mdvnetinformatica.com\/wp\/es\/\"]}]},{\"@type\":\"BreadcrumbList\",\"@id\":\"https:\/\/www.mdvnetinformatica.com\/wp\/es\/#breadcrumb\",\"itemListElement\":[{\"@type\":\"ListItem\",\"position\":1,\"name\":\"Portada\",\"item\":\"https:\/\/www.mdvnetinformatica.com\/wp\/es\/\"},{\"@type\":\"ListItem\",\"position\":2,\"name\":\"Inform\u00e1tica Mollet\"}]},{\"@type\":\"WebSite\",\"@id\":\"https:\/\/www.mdvnetinformatica.com\/wp\/es\/#website\",\"url\":\"https:\/\/www.mdvnetinformatica.com\/wp\/es\/\",\"name\":\"MDVNET INFORM\u00c1TICA\",\"description\":\"NOS APASIONA LA INFORM\u00c1TICA\",\"potentialAction\":[{\"@type\":\"SearchAction\",\"target\":{\"@type\":\"EntryPoint\",\"urlTemplate\":\"https:\/\/www.mdvnetinformatica.com\/wp\/es\/?s={search_term_string}\"},\"query-input\":\"required name=search_term_string\"}],\"inLanguage\":\"es\"}]}<\/script>\n<!-- \/ Yoast SEO plugin. -->","yoast_head_json":{"title":"Inform\u00e1tica Mollet - MDVNET INFORM\u00c1TICA","description":"MDVNET INFORM\u00c1TICA Tienda Inform\u00e1tica en Mollet(BCN). Reparaci\u00f3n ordenador de sobremesa y port\u00e1til. Mantenimiento y servicios a empresas 935792122","robots":{"index":"index","follow":"follow","max-snippet":"max-snippet:-1","max-image-preview":"max-image-preview:large","max-video-preview":"max-video-preview:-1"},"canonical":"https:\/\/www.mdvnetinformatica.com\/wp\/es\/","og_locale":"es_ES","og_type":"article","og_title":"Inform\u00e1tica Mollet - MDVNET INFORM\u00c1TICA","og_description":"MDVNET INFORM\u00c1TICA Tienda Inform\u00e1tica en Mollet(BCN). Reparaci\u00f3n ordenador de sobremesa y port\u00e1til. Mantenimiento y servicios a empresas 935792122","og_url":"https:\/\/www.mdvnetinformatica.com\/wp\/es\/","og_site_name":"MDVNET INFORM\u00c1TICA","article_modified_time":"2024-03-26T15:31:51+00:00","og_image":[{"url":"https:\/\/www.mdvnetinformatica.com\/wp\/es\/wp-content\/uploads\/2023\/10\/InformaticaMollet.jpg"}],"twitter_card":"summary_large_image","twitter_misc":{"Tiempo de lectura":"2 minutos"},"schema":{"@context":"https:\/\/schema.org","@graph":[{"@type":"WebPage","@id":"https:\/\/www.mdvnetinformatica.com\/wp\/es\/","url":"https:\/\/www.mdvnetinformatica.com\/wp\/es\/","name":"Inform\u00e1tica Mollet - MDVNET INFORM\u00c1TICA","isPartOf":{"@id":"https:\/\/www.mdvnetinformatica.com\/wp\/es\/#website"},"datePublished":"2023-10-13T08:11:40+00:00","dateModified":"2024-03-26T15:31:51+00:00","description":"MDVNET INFORM\u00c1TICA Tienda Inform\u00e1tica en Mollet(BCN). Reparaci\u00f3n ordenador de sobremesa y port\u00e1til. Mantenimiento y servicios a empresas 935792122","breadcrumb":{"@id":"https:\/\/www.mdvnetinformatica.com\/wp\/es\/#breadcrumb"},"inLanguage":"es","potentialAction":[{"@type":"ReadAction","target":["https:\/\/www.mdvnetinformatica.com\/wp\/es\/"]}]},{"@type":"BreadcrumbList","@id":"https:\/\/www.mdvnetinformatica.com\/wp\/es\/#breadcrumb","itemListElement":[{"@type":"ListItem","position":1,"name":"Portada","item":"https:\/\/www.mdvnetinformatica.com\/wp\/es\/"},{"@type":"ListItem","position":2,"name":"Inform\u00e1tica Mollet"}]},{"@type":"WebSite","@id":"https:\/\/www.mdvnetinformatica.com\/wp\/es\/#website","url":"https:\/\/www.mdvnetinformatica.com\/wp\/es\/","name":"MDVNET INFORM\u00c1TICA","description":"NOS APASIONA LA INFORM\u00c1TICA","potentialAction":[{"@type":"SearchAction","target":{"@type":"EntryPoint","urlTemplate":"https:\/\/www.mdvnetinformatica.com\/wp\/es\/?s={search_term_string}"},"query-input":"required name=search_term_string"}],"inLanguage":"es"}]}},"_links":{"self":[{"href":"https:\/\/www.mdvnetinformatica.com\/wp\/es\/wp-json\/wp\/v2\/pages\/29","targetHints":{"allow":["GET"]}}],"collection":[{"href":"https:\/\/www.mdvnetinformatica.com\/wp\/es\/wp-json\/wp\/v2\/pages"}],"about":[{"href":"https:\/\/www.mdvnetinformatica.com\/wp\/es\/wp-json\/wp\/v2\/types\/page"}],"author":[{"embeddable":true,"href":"https:\/\/www.mdvnetinformatica.com\/wp\/es\/wp-json\/wp\/v2\/users\/1"}],"replies":[{"embeddable":true,"href":"https:\/\/www.mdvnetinformatica.com\/wp\/es\/wp-json\/wp\/v2\/comments?post=29"}],"version-history":[{"count":3,"href":"https:\/\/www.mdvnetinformatica.com\/wp\/es\/wp-json\/wp\/v2\/pages\/29\/revisions"}],"predecessor-version":[{"id":151,"href":"https:\/\/www.mdvnetinformatica.com\/wp\/es\/wp-json\/wp\/v2\/pages\/29\/revisions\/151"}],"wp:attachment":[{"href":"https:\/\/www.mdvnetinformatica.com\/wp\/es\/wp-json\/wp\/v2\/media?parent=29"}],"curies":[{"name":"wp","href":"https:\/\/api.w.org\/{rel}","templated":true}]}}