{"id":145,"date":"2013-05-25T13:09:58","date_gmt":"2013-05-25T11:09:58","guid":{"rendered":"http:\/\/www.mdvnetinformatica.com\/wp\/?page_id=145"},"modified":"2023-10-11T18:03:37","modified_gmt":"2023-10-11T16:03:37","slug":"servei-tecnic-reparacio-taller-informatic","status":"publish","type":"page","link":"https:\/\/www.mdvnetinformatica.com\/wp\/servei-tecnic-reparacio-taller-informatic\/","title":{"rendered":"Servei t\u00e8cnic reparaci\u00f3 taller inform\u00e0tic"},"content":{"rendered":"<h3><span style=\"color: #339966;\">Un taller inform\u00e0tic al seu servei<\/span><\/h3>\n<p>A la nostra botiga de Palaudaries 5, a Mollet tenim un ampli espai dedicat al nostre taller propi. Un serveis d\u2019assist\u00e8ncia tecnica (SAT) inform\u00e0tic amb el que podem oferir un servei proper i r\u00e0pid per solucionar les avaries de tot tipus de material inform\u00e0tic.<\/p>\n<p>Som especialistes en:<\/p>\n<ul>\n<li>Reparaci\u00f3 de avaries de software o hardware d\u2019ordinadors, portatils, impressores, monitors&#8230;<\/li>\n<li>Neteja del software PCs, reformat de disc durs, reinstalaci\u00f3ns de sistemes operatius, actualitzacions de sistemes operatius i programes<\/li>\n<li>Neteja de virus i tot tipus de software que faci malb\u00e9 als ordinadors<\/li>\n<li>Recuperaci\u00f3 de dades de discs durs interns i externs, tarjes de memoria, etc<\/li>\n<\/ul>\n<p>A MDVNET INFORM\u00c0TICA sempre li oferirem la soluci\u00f3 m\u00e9s asequible per solucionar el seu problema inform\u00e0tic. Li oferim pressupostos gratu\u00efts sense compromis i orientaci\u00f3 respecte a les diverses opcions de resoluci\u00f3 de problemes.<\/p>\n<p>Si vol reparar el seu ordinador, port\u00e0til, impressora, monitor&#8230; portin\u2019s el seu \u00e9quip averiat al nostre taller i segur que li podem ajudar. Recordi que el nostre horari \u00e9s de 9 a 13 i de 16 a 19 hores i tamb\u00e9 li podem orientar per tel\u00e8fon trucant al 93 579 21 22<\/p>\n\n\n<figure class=\"wp-block-image size-large\"><a href=\"https:\/\/www.mdvnetinformatica.com\/wp\/wp-content\/uploads\/circuit-gdd9953311_1280.jpg\"><img loading=\"lazy\" decoding=\"async\" width=\"1024\" height=\"614\" src=\"https:\/\/www.mdvnetinformatica.com\/wp\/wp-content\/uploads\/circuit-gdd9953311_1280-1024x614.jpg\" alt=\"Servei t\u00e8cnic inform\u00e0tic pel teu ordinador\" class=\"wp-image-12089\" srcset=\"https:\/\/www.mdvnetinformatica.com\/wp\/wp-content\/uploads\/circuit-gdd9953311_1280-1024x614.jpg 1024w, https:\/\/www.mdvnetinformatica.com\/wp\/wp-content\/uploads\/circuit-gdd9953311_1280-600x360.jpg 600w, https:\/\/www.mdvnetinformatica.com\/wp\/wp-content\/uploads\/circuit-gdd9953311_1280-300x180.jpg 300w, https:\/\/www.mdvnetinformatica.com\/wp\/wp-content\/uploads\/circuit-gdd9953311_1280-768x461.jpg 768w, https:\/\/www.mdvnetinformatica.com\/wp\/wp-content\/uploads\/circuit-gdd9953311_1280-624x374.jpg 624w, https:\/\/www.mdvnetinformatica.com\/wp\/wp-content\/uploads\/circuit-gdd9953311_1280.jpg 1280w\" sizes=\"auto, (max-width: 1024px) 100vw, 1024px\" \/><\/a><figcaption class=\"wp-element-caption\">Servei t\u00e8cnic pel teu ordinador<\/figcaption><\/figure>\n\n\n\n<figure class=\"wp-block-image size-large\"><a href=\"https:\/\/www.mdvnetinformatica.com\/wp\/wp-content\/uploads\/slideserveitecnic.jpg\"><img loading=\"lazy\" decoding=\"async\" width=\"1024\" height=\"351\" src=\"https:\/\/www.mdvnetinformatica.com\/wp\/wp-content\/uploads\/slideserveitecnic-1024x351.jpg\" alt=\"Servei t\u00e8cnic per a pimes i empreses\" class=\"wp-image-12194\" srcset=\"https:\/\/www.mdvnetinformatica.com\/wp\/wp-content\/uploads\/slideserveitecnic-1024x351.jpg 1024w, https:\/\/www.mdvnetinformatica.com\/wp\/wp-content\/uploads\/slideserveitecnic-300x103.jpg 300w, https:\/\/www.mdvnetinformatica.com\/wp\/wp-content\/uploads\/slideserveitecnic-768x264.jpg 768w, https:\/\/www.mdvnetinformatica.com\/wp\/wp-content\/uploads\/slideserveitecnic-600x206.jpg 600w, https:\/\/www.mdvnetinformatica.com\/wp\/wp-content\/uploads\/slideserveitecnic-1166x400.jpg 1166w, https:\/\/www.mdvnetinformatica.com\/wp\/wp-content\/uploads\/slideserveitecnic.jpg 1521w\" sizes=\"auto, (max-width: 1024px) 100vw, 1024px\" \/><\/a><figcaption class=\"wp-element-caption\">Servei t\u00e8cnic per a pimes i empreses<\/figcaption><\/figure>\n","protected":false},"excerpt":{"rendered":"<p>Un taller inform\u00e0tic al seu servei A la nostra botiga de Palaudaries 5, a Mollet tenim un ampli espai dedicat al nostre taller propi. Un serveis d\u2019assist\u00e8ncia tecnica (SAT) inform\u00e0tic amb el que podem oferir un servei proper i r\u00e0pid &hellip; <a href=\"https:\/\/www.mdvnetinformatica.com\/wp\/servei-tecnic-reparacio-taller-informatic\/\">Continued<\/a><\/p>\n","protected":false},"author":1,"featured_media":0,"parent":0,"menu_order":0,"comment_status":"open","ping_status":"closed","template":"","meta":{"kt_blocks_editor_width":"","footnotes":""},"class_list":["post-145","page","type-page","status-publish","hentry"],"yoast_head":"<!-- This site is optimized with the Yoast SEO plugin v25.3.1 - https:\/\/yoast.com\/wordpress\/plugins\/seo\/ -->\n<title>Servei t\u00e8cnic reparaci\u00f3 taller inform\u00e0tic - MDVNET INFORM\u00c0TICA<\/title>\n<meta name=\"description\" content=\"MDVNET INFORMATICA - SAT Inform\u00e0tic. Reparaci\u00f3 d&#039;ordinadors, portatils, monitors, impressores... particulars i empreses. Mollet i Rodalies Barcelona\" \/>\n<meta name=\"robots\" content=\"index, follow, max-snippet:-1, max-image-preview:large, max-video-preview:-1\" \/>\n<link rel=\"canonical\" href=\"https:\/\/www.mdvnetinformatica.com\/wp\/servei-tecnic-reparacio-taller-informatic\/\" \/>\n<meta property=\"og:locale\" content=\"ca_ES\" \/>\n<meta property=\"og:type\" content=\"article\" \/>\n<meta property=\"og:title\" content=\"Servei t\u00e8cnic reparaci\u00f3 taller inform\u00e0tic - MDVNET INFORM\u00c0TICA\" \/>\n<meta property=\"og:description\" content=\"MDVNET INFORMATICA - SAT Inform\u00e0tic. Reparaci\u00f3 d&#039;ordinadors, portatils, monitors, impressores... particulars i empreses. Mollet i Rodalies Barcelona\" \/>\n<meta property=\"og:url\" content=\"https:\/\/www.mdvnetinformatica.com\/wp\/servei-tecnic-reparacio-taller-informatic\/\" \/>\n<meta property=\"og:site_name\" content=\"MDVNET INFORM\u00c0TICA\" \/>\n<meta property=\"article:publisher\" content=\"https:\/\/www.facebook.com\/MdvnetInformaticaMollet\/\" \/>\n<meta property=\"article:modified_time\" content=\"2023-10-11T16:03:37+00:00\" \/>\n<meta property=\"og:image\" content=\"http:\/\/www.mdvnetinformatica.com\/wp\/wp-content\/uploads\/circuit-gdd9953311_1280-1024x614.jpg\" \/>\n<meta name=\"twitter:card\" content=\"summary_large_image\" \/>\n<meta name=\"twitter:site\" content=\"@mdvnet\" \/>\n<meta name=\"twitter:label1\" content=\"Temps estimat de lectura\" \/>\n\t<meta name=\"twitter:data1\" content=\"2 minuts\" \/>\n<script type=\"application\/ld+json\" class=\"yoast-schema-graph\">{\"@context\":\"https:\/\/schema.org\",\"@graph\":[{\"@type\":\"WebPage\",\"@id\":\"https:\/\/www.mdvnetinformatica.com\/wp\/servei-tecnic-reparacio-taller-informatic\/\",\"url\":\"https:\/\/www.mdvnetinformatica.com\/wp\/servei-tecnic-reparacio-taller-informatic\/\",\"name\":\"Servei t\u00e8cnic reparaci\u00f3 taller inform\u00e0tic - MDVNET INFORM\u00c0TICA\",\"isPartOf\":{\"@id\":\"https:\/\/www.mdvnetinformatica.com\/wp\/#website\"},\"primaryImageOfPage\":{\"@id\":\"https:\/\/www.mdvnetinformatica.com\/wp\/servei-tecnic-reparacio-taller-informatic\/#primaryimage\"},\"image\":{\"@id\":\"https:\/\/www.mdvnetinformatica.com\/wp\/servei-tecnic-reparacio-taller-informatic\/#primaryimage\"},\"thumbnailUrl\":\"http:\/\/www.mdvnetinformatica.com\/wp\/wp-content\/uploads\/circuit-gdd9953311_1280-1024x614.jpg\",\"datePublished\":\"2013-05-25T11:09:58+00:00\",\"dateModified\":\"2023-10-11T16:03:37+00:00\",\"description\":\"MDVNET INFORMATICA - SAT Inform\u00e0tic. Reparaci\u00f3 d'ordinadors, portatils, monitors, impressores... particulars i empreses. Mollet i Rodalies Barcelona\",\"breadcrumb\":{\"@id\":\"https:\/\/www.mdvnetinformatica.com\/wp\/servei-tecnic-reparacio-taller-informatic\/#breadcrumb\"},\"inLanguage\":\"ca\",\"potentialAction\":[{\"@type\":\"ReadAction\",\"target\":[\"https:\/\/www.mdvnetinformatica.com\/wp\/servei-tecnic-reparacio-taller-informatic\/\"]}]},{\"@type\":\"ImageObject\",\"inLanguage\":\"ca\",\"@id\":\"https:\/\/www.mdvnetinformatica.com\/wp\/servei-tecnic-reparacio-taller-informatic\/#primaryimage\",\"url\":\"http:\/\/www.mdvnetinformatica.com\/wp\/wp-content\/uploads\/circuit-gdd9953311_1280-1024x614.jpg\",\"contentUrl\":\"http:\/\/www.mdvnetinformatica.com\/wp\/wp-content\/uploads\/circuit-gdd9953311_1280-1024x614.jpg\"},{\"@type\":\"BreadcrumbList\",\"@id\":\"https:\/\/www.mdvnetinformatica.com\/wp\/servei-tecnic-reparacio-taller-informatic\/#breadcrumb\",\"itemListElement\":[{\"@type\":\"ListItem\",\"position\":1,\"name\":\"Home\",\"item\":\"https:\/\/www.mdvnetinformatica.com\/wp\/\"},{\"@type\":\"ListItem\",\"position\":2,\"name\":\"Servei t\u00e8cnic reparaci\u00f3 taller inform\u00e0tic\"}]},{\"@type\":\"WebSite\",\"@id\":\"https:\/\/www.mdvnetinformatica.com\/wp\/#website\",\"url\":\"https:\/\/www.mdvnetinformatica.com\/wp\/\",\"name\":\"MDVNET INFORM\u00c0TICA\",\"description\":\"ENS APASSIONA LA INFORM\u00c0TICA\",\"publisher\":{\"@id\":\"https:\/\/www.mdvnetinformatica.com\/wp\/#organization\"},\"potentialAction\":[{\"@type\":\"SearchAction\",\"target\":{\"@type\":\"EntryPoint\",\"urlTemplate\":\"https:\/\/www.mdvnetinformatica.com\/wp\/?s={search_term_string}\"},\"query-input\":{\"@type\":\"PropertyValueSpecification\",\"valueRequired\":true,\"valueName\":\"search_term_string\"}}],\"inLanguage\":\"ca\"},{\"@type\":\"Organization\",\"@id\":\"https:\/\/www.mdvnetinformatica.com\/wp\/#organization\",\"name\":\"MDVNET INFORM\u00c0TICA\",\"url\":\"https:\/\/www.mdvnetinformatica.com\/wp\/\",\"logo\":{\"@type\":\"ImageObject\",\"inLanguage\":\"ca\",\"@id\":\"https:\/\/www.mdvnetinformatica.com\/wp\/#\/schema\/logo\/image\/\",\"url\":\"http:\/\/www.mdvnetinformatica.com\/wp\/wp-content\/uploads\/logomdvnett200x600.jpg\",\"contentUrl\":\"http:\/\/www.mdvnetinformatica.com\/wp\/wp-content\/uploads\/logomdvnett200x600.jpg\",\"width\":200,\"height\":68,\"caption\":\"MDVNET INFORM\u00c0TICA\"},\"image\":{\"@id\":\"https:\/\/www.mdvnetinformatica.com\/wp\/#\/schema\/logo\/image\/\"},\"sameAs\":[\"https:\/\/www.facebook.com\/MdvnetInformaticaMollet\/\",\"https:\/\/x.com\/mdvnet\",\"https:\/\/www.instagram.com\/mdvnetinformatica\/\"]}]}<\/script>\n<!-- \/ Yoast SEO plugin. -->","yoast_head_json":{"title":"Servei t\u00e8cnic reparaci\u00f3 taller inform\u00e0tic - MDVNET INFORM\u00c0TICA","description":"MDVNET INFORMATICA - SAT Inform\u00e0tic. Reparaci\u00f3 d'ordinadors, portatils, monitors, impressores... particulars i empreses. Mollet i Rodalies Barcelona","robots":{"index":"index","follow":"follow","max-snippet":"max-snippet:-1","max-image-preview":"max-image-preview:large","max-video-preview":"max-video-preview:-1"},"canonical":"https:\/\/www.mdvnetinformatica.com\/wp\/servei-tecnic-reparacio-taller-informatic\/","og_locale":"ca_ES","og_type":"article","og_title":"Servei t\u00e8cnic reparaci\u00f3 taller inform\u00e0tic - MDVNET INFORM\u00c0TICA","og_description":"MDVNET INFORMATICA - SAT Inform\u00e0tic. Reparaci\u00f3 d'ordinadors, portatils, monitors, impressores... particulars i empreses. Mollet i Rodalies Barcelona","og_url":"https:\/\/www.mdvnetinformatica.com\/wp\/servei-tecnic-reparacio-taller-informatic\/","og_site_name":"MDVNET INFORM\u00c0TICA","article_publisher":"https:\/\/www.facebook.com\/MdvnetInformaticaMollet\/","article_modified_time":"2023-10-11T16:03:37+00:00","og_image":[{"url":"http:\/\/www.mdvnetinformatica.com\/wp\/wp-content\/uploads\/circuit-gdd9953311_1280-1024x614.jpg","type":"","width":"","height":""}],"twitter_card":"summary_large_image","twitter_site":"@mdvnet","twitter_misc":{"Temps estimat de lectura":"2 minuts"},"schema":{"@context":"https:\/\/schema.org","@graph":[{"@type":"WebPage","@id":"https:\/\/www.mdvnetinformatica.com\/wp\/servei-tecnic-reparacio-taller-informatic\/","url":"https:\/\/www.mdvnetinformatica.com\/wp\/servei-tecnic-reparacio-taller-informatic\/","name":"Servei t\u00e8cnic reparaci\u00f3 taller inform\u00e0tic - MDVNET INFORM\u00c0TICA","isPartOf":{"@id":"https:\/\/www.mdvnetinformatica.com\/wp\/#website"},"primaryImageOfPage":{"@id":"https:\/\/www.mdvnetinformatica.com\/wp\/servei-tecnic-reparacio-taller-informatic\/#primaryimage"},"image":{"@id":"https:\/\/www.mdvnetinformatica.com\/wp\/servei-tecnic-reparacio-taller-informatic\/#primaryimage"},"thumbnailUrl":"http:\/\/www.mdvnetinformatica.com\/wp\/wp-content\/uploads\/circuit-gdd9953311_1280-1024x614.jpg","datePublished":"2013-05-25T11:09:58+00:00","dateModified":"2023-10-11T16:03:37+00:00","description":"MDVNET INFORMATICA - SAT Inform\u00e0tic. Reparaci\u00f3 d'ordinadors, portatils, monitors, impressores... particulars i empreses. Mollet i Rodalies Barcelona","breadcrumb":{"@id":"https:\/\/www.mdvnetinformatica.com\/wp\/servei-tecnic-reparacio-taller-informatic\/#breadcrumb"},"inLanguage":"ca","potentialAction":[{"@type":"ReadAction","target":["https:\/\/www.mdvnetinformatica.com\/wp\/servei-tecnic-reparacio-taller-informatic\/"]}]},{"@type":"ImageObject","inLanguage":"ca","@id":"https:\/\/www.mdvnetinformatica.com\/wp\/servei-tecnic-reparacio-taller-informatic\/#primaryimage","url":"http:\/\/www.mdvnetinformatica.com\/wp\/wp-content\/uploads\/circuit-gdd9953311_1280-1024x614.jpg","contentUrl":"http:\/\/www.mdvnetinformatica.com\/wp\/wp-content\/uploads\/circuit-gdd9953311_1280-1024x614.jpg"},{"@type":"BreadcrumbList","@id":"https:\/\/www.mdvnetinformatica.com\/wp\/servei-tecnic-reparacio-taller-informatic\/#breadcrumb","itemListElement":[{"@type":"ListItem","position":1,"name":"Home","item":"https:\/\/www.mdvnetinformatica.com\/wp\/"},{"@type":"ListItem","position":2,"name":"Servei t\u00e8cnic reparaci\u00f3 taller inform\u00e0tic"}]},{"@type":"WebSite","@id":"https:\/\/www.mdvnetinformatica.com\/wp\/#website","url":"https:\/\/www.mdvnetinformatica.com\/wp\/","name":"MDVNET INFORM\u00c0TICA","description":"ENS APASSIONA LA INFORM\u00c0TICA","publisher":{"@id":"https:\/\/www.mdvnetinformatica.com\/wp\/#organization"},"potentialAction":[{"@type":"SearchAction","target":{"@type":"EntryPoint","urlTemplate":"https:\/\/www.mdvnetinformatica.com\/wp\/?s={search_term_string}"},"query-input":{"@type":"PropertyValueSpecification","valueRequired":true,"valueName":"search_term_string"}}],"inLanguage":"ca"},{"@type":"Organization","@id":"https:\/\/www.mdvnetinformatica.com\/wp\/#organization","name":"MDVNET INFORM\u00c0TICA","url":"https:\/\/www.mdvnetinformatica.com\/wp\/","logo":{"@type":"ImageObject","inLanguage":"ca","@id":"https:\/\/www.mdvnetinformatica.com\/wp\/#\/schema\/logo\/image\/","url":"http:\/\/www.mdvnetinformatica.com\/wp\/wp-content\/uploads\/logomdvnett200x600.jpg","contentUrl":"http:\/\/www.mdvnetinformatica.com\/wp\/wp-content\/uploads\/logomdvnett200x600.jpg","width":200,"height":68,"caption":"MDVNET INFORM\u00c0TICA"},"image":{"@id":"https:\/\/www.mdvnetinformatica.com\/wp\/#\/schema\/logo\/image\/"},"sameAs":["https:\/\/www.facebook.com\/MdvnetInformaticaMollet\/","https:\/\/x.com\/mdvnet","https:\/\/www.instagram.com\/mdvnetinformatica\/"]}]}},"jetpack_sharing_enabled":true,"_links":{"self":[{"href":"https:\/\/www.mdvnetinformatica.com\/wp\/wp-json\/wp\/v2\/pages\/145","targetHints":{"allow":["GET"]}}],"collection":[{"href":"https:\/\/www.mdvnetinformatica.com\/wp\/wp-json\/wp\/v2\/pages"}],"about":[{"href":"https:\/\/www.mdvnetinformatica.com\/wp\/wp-json\/wp\/v2\/types\/page"}],"author":[{"embeddable":true,"href":"https:\/\/www.mdvnetinformatica.com\/wp\/wp-json\/wp\/v2\/users\/1"}],"replies":[{"embeddable":true,"href":"https:\/\/www.mdvnetinformatica.com\/wp\/wp-json\/wp\/v2\/comments?post=145"}],"version-history":[{"count":6,"href":"https:\/\/www.mdvnetinformatica.com\/wp\/wp-json\/wp\/v2\/pages\/145\/revisions"}],"predecessor-version":[{"id":12263,"href":"https:\/\/www.mdvnetinformatica.com\/wp\/wp-json\/wp\/v2\/pages\/145\/revisions\/12263"}],"wp:attachment":[{"href":"https:\/\/www.mdvnetinformatica.com\/wp\/wp-json\/wp\/v2\/media?parent=145"}],"curies":[{"name":"wp","href":"https:\/\/api.w.org\/{rel}","templated":true}]}}